{"id":72,"date":"2025-01-04T22:54:28","date_gmt":"2025-01-05T03:54:28","guid":{"rendered":"https:\/\/lumberjacknjill.com\/?page_id=72"},"modified":"2026-04-15T07:25:08","modified_gmt":"2026-04-15T11:25:08","slug":"competitions","status":"publish","type":"page","link":"https:\/\/lumberjacknjill.com\/fr\/competitions\/","title":{"rendered":"Calendrier"},"content":{"rendered":"<p class=\"has-large-font-size\"><strong>Calendrier<\/strong><\/p>\n\n\n\n<p>Merci \u00e0 Nancy Zalewski pour son initiative qui a permis de cr\u00e9er la 1re version du calendrier Nord Am\u00e9ricain en 2025<br>Without her and the people who helped her, I would&#8217;nt have installed the Calendar Plugin and put that list online.<\/p>\n\n\n\n<p class=\"has-medium-font-size\"><strong>Liste des Concours<\/strong> (Cellulaire)<\/p>\n\n\n\n<ul class=\"wp-block-list\">\n<li class=\"has-small-font-size\"><a href=\"https:\/\/lumberjacknjill.com\/fr\/events\/category\/america\/list\/\" data-type=\"link\" data-id=\"https:\/\/lumberjacknjill.com\/events\/category\/america\/list\/\"><strong>Am\u00e9rique<\/strong><\/a> (Voir les concours Canadien et Am\u00e9ricains)\n<ul class=\"wp-block-list\">\n<li class=\"has-small-font-size\"><a href=\"https:\/\/lumberjacknjill.com\/fr\/events\/category\/america\/canada\/list\/\" data-type=\"link\" data-id=\"https:\/\/lumberjacknjill.com\/events\/category\/america\/canada\/list\/\"><strong>Canada<\/strong><\/a>\n<ul class=\"wp-block-list\">\n<li><a href=\"https:\/\/lumberjacknjill.com\/fr\/events\/category\/america\/canada\/eastern-canada\/list\/\" data-type=\"link\" data-id=\"https:\/\/lumberjacknjill.com\/events\/category\/america\/canada\/eastern-canada\/list\/\">Est du Canada<\/a>\n<ul class=\"wp-block-list\">\n<li>Ontario, Quebec et les Maritimes<\/li>\n<\/ul>\n<\/li>\n\n\n\n<li><a href=\"https:\/\/lumberjacknjill.com\/fr\/events\/category\/america\/canada\/western-canada\/list\/\" data-type=\"link\" data-id=\"https:\/\/lumberjacknjill.com\/events\/category\/america\/canada\/western-canada\/list\/\">Ouest du Canada<\/a>\n<ul class=\"wp-block-list\">\n<li>BC, Alberta,Saskatchewan, Manitoba<\/li>\n<\/ul>\n<\/li>\n\n\n\n<li><a href=\"https:\/\/lumberjacknjill.com\/fr\/events\/category\/america\/canada\/canlog\/list\/\" data-type=\"link\" data-id=\"https:\/\/lumberjacknjill.com\/events\/category\/america\/canada\/canlog\/list\/\">CANLOG<\/a><\/li>\n\n\n\n<li><a href=\"https:\/\/lumberjacknjill.com\/fr\/events\/category\/america\/canada\/mla\/list\/\" data-type=\"link\" data-id=\"https:\/\/lumberjacknjill.com\/events\/category\/america\/canada\/mla\/list\/\">MLA<\/a><\/li>\n<\/ul>\n<\/li>\n\n\n\n<li><a href=\"https:\/\/lumberjacknjill.com\/fr\/events\/category\/america\/usa\/list\/\" data-type=\"link\" data-id=\"https:\/\/lumberjacknjill.com\/events\/category\/america\/usa\/list\/\"><strong>USA<\/strong><\/a>\n<ul class=\"wp-block-list\">\n<li><a href=\"https:\/\/lumberjacknjill.com\/fr\/events\/category\/america\/usa\/midwest\/list\/\" data-type=\"link\" data-id=\"https:\/\/lumberjacknjill.com\/events\/category\/america\/usa\/midwest\/list\/\">Centre Ouest<\/a><\/li>\n\n\n\n<li><a href=\"https:\/\/lumberjacknjill.com\/fr\/events\/category\/america\/usa\/northeast\/list\/\" data-type=\"link\" data-id=\"https:\/\/lumberjacknjill.com\/events\/category\/america\/usa\/east-ne\/list\/\">Nord Est<\/a><\/li>\n\n\n\n<li><a href=\"https:\/\/lumberjacknjill.com\/fr\/events\/category\/america\/usa\/south\/list\/\" data-type=\"link\" data-id=\"https:\/\/lumberjacknjill.com\/events\/category\/america\/usa\/south-se\/list\/\">Sud<\/a><\/li>\n\n\n\n<li><a href=\"https:\/\/lumberjacknjill.com\/fr\/events\/category\/america\/usa\/west\/list\/\" data-type=\"link\" data-id=\"https:\/\/lumberjacknjill.com\/events\/category\/america\/usa\/west\/list\/\">Ouest<\/a><\/li>\n\n\n\n<li><a href=\"https:\/\/lumberjacknjill.com\/fr\/events\/category\/america\/usa\/ala\/list\/\" data-type=\"link\" data-id=\"https:\/\/lumberjacknjill.com\/events\/category\/america\/usa\/ala\/list\/\">ALA<\/a><\/li>\n\n\n\n<li><a href=\"https:\/\/lumberjacknjill.com\/fr\/events\/category\/america\/usa\/dhls\/list\/\" data-type=\"link\" data-id=\"https:\/\/lumberjacknjill.com\/events\/category\/america\/usa\/dhls\/\">DHLS<\/a><\/li>\n\n\n\n<li><a href=\"https:\/\/lumberjacknjill.com\/fr\/events\/category\/america\/usa\/nysla\/list\/\" data-type=\"link\" data-id=\"https:\/\/lumberjacknjill.com\/events\/category\/america\/usa\/nysla\/list\/\">NYSLA<\/a><\/li>\n\n\n\n<li><a href=\"https:\/\/lumberjacknjill.com\/fr\/events\/category\/america\/usa\/pplo\/list\/\" data-type=\"link\" data-id=\"https:\/\/lumberjacknjill.com\/events\/category\/america\/usa\/pplo\/list\/\">PPLO<\/a><\/li>\n<\/ul>\n<\/li>\n<\/ul>\n<\/li>\n<\/ul>\n\n\n\n<ul class=\"wp-block-list\">\n<li class=\"has-small-font-size\"><strong><a href=\"https:\/\/www.uslogrolling.com\/tournaments\" data-type=\"link\" data-id=\"https:\/\/www.uslogrolling.com\/tournaments\">US Log Rolling Association Tournaments<\/a><\/strong>\n<ul class=\"wp-block-list\">\n<li>Comp\u00e9titions de course sur billots <br>Lien versa un site externe<br>Utiliser leur site pour voir leurs comp\u00e9titions<\/li>\n<\/ul>\n<\/li>\n<\/ul>\n\n\n\n<p class=\"has-medium-font-size\"><strong>Calendrier des concours<\/strong> (Ordinateur)<\/p>\n\n\n\n<ul class=\"wp-block-list\">\n<li class=\"has-small-font-size\"><a href=\"https:\/\/lumberjacknjill.com\/fr\/events\/category\/america\/\" data-type=\"link\" data-id=\"https:\/\/lumberjacknjill.com\/events\/category\/america\/\"><strong>Am\u00e9rique<\/strong><\/a> (Voir les concours Canadien et Am\u00e9ricains)\n<ul class=\"wp-block-list\">\n<li><a href=\"https:\/\/lumberjacknjill.com\/fr\/events\/category\/america\/canada\/\" data-type=\"link\" data-id=\"https:\/\/lumberjacknjill.com\/events\/category\/america\/canada\/\"><strong>Canada<\/strong><\/a>\n<ul class=\"wp-block-list\">\n<li><a href=\"https:\/\/lumberjacknjill.com\/fr\/events\/category\/america\/canada\/eastern-canada\/\" data-type=\"link\" data-id=\"https:\/\/lumberjacknjill.com\/events\/category\/america\/canada\/eastern-canada\/list\/\">Est du Canada<\/a><\/li>\n\n\n\n<li><a href=\"https:\/\/lumberjacknjill.com\/fr\/events\/category\/america\/canada\/western-canada\/\" data-type=\"link\" data-id=\"https:\/\/lumberjacknjill.com\/events\/category\/america\/canada\/western-canada\/list\/\">Ouest du Canada<\/a><\/li>\n\n\n\n<li><a href=\"https:\/\/lumberjacknjill.com\/fr\/events\/category\/america\/canada\/canlog\/\" data-type=\"link\" data-id=\"https:\/\/lumberjacknjill.com\/events\/category\/america\/canada\/canlog\/list\/\">CANLOG<\/a><\/li>\n\n\n\n<li><a href=\"https:\/\/lumberjacknjill.com\/fr\/events\/category\/america\/canada\/mla\/\" data-type=\"link\" data-id=\"https:\/\/lumberjacknjill.com\/events\/category\/america\/canada\/mla\/list\/\">MLA<\/a><\/li>\n<\/ul>\n<\/li>\n\n\n\n<li><a href=\"https:\/\/lumberjacknjill.com\/fr\/events\/category\/america\/usa\/\" data-type=\"link\" data-id=\"https:\/\/lumberjacknjill.com\/events\/category\/america\/usa\/list\/\"><strong>USA<\/strong><\/a>\n<ul class=\"wp-block-list\">\n<li><a href=\"https:\/\/lumberjacknjill.com\/fr\/events\/category\/america\/usa\/midwest\/\" data-type=\"link\" data-id=\"https:\/\/lumberjacknjill.com\/events\/category\/america\/usa\/midwest\/list\/\">Centre Ouest<\/a><\/li>\n\n\n\n<li><a href=\"https:\/\/lumberjacknjill.com\/fr\/events\/category\/america\/usa\/northeast\/\" data-type=\"link\" data-id=\"https:\/\/lumberjacknjill.com\/events\/category\/america\/usa\/east-ne\/list\/\">Nord Est<\/a><\/li>\n\n\n\n<li><a href=\"https:\/\/lumberjacknjill.com\/fr\/events\/category\/america\/usa\/south\/\" data-type=\"link\" data-id=\"https:\/\/lumberjacknjill.com\/events\/category\/america\/usa\/south-se\/list\/\">Sud<\/a><\/li>\n\n\n\n<li><a href=\"https:\/\/lumberjacknjill.com\/fr\/events\/category\/america\/usa\/west\/\" data-type=\"link\" data-id=\"https:\/\/lumberjacknjill.com\/events\/category\/america\/usa\/west\/list\/\">Ouest<\/a><\/li>\n\n\n\n<li><a href=\"https:\/\/lumberjacknjill.com\/fr\/events\/category\/america\/usa\/ala\/\" data-type=\"link\" data-id=\"https:\/\/lumberjacknjill.com\/events\/category\/america\/usa\/ala\/list\/\">ALA<\/a><\/li>\n\n\n\n<li><a href=\"https:\/\/lumberjacknjill.com\/fr\/events\/category\/america\/usa\/dhls\/\" data-type=\"link\" data-id=\"https:\/\/lumberjacknjill.com\/events\/category\/america\/usa\/dhls\/\">DHLS<\/a><\/li>\n\n\n\n<li><a href=\"https:\/\/lumberjacknjill.com\/fr\/events\/category\/america\/usa\/nysla\/\" data-type=\"link\" data-id=\"https:\/\/lumberjacknjill.com\/events\/category\/america\/usa\/nysla\/list\/\">NYSLA<\/a><\/li>\n\n\n\n<li><a href=\"https:\/\/lumberjacknjill.com\/fr\/events\/category\/america\/usa\/pplo\/\" data-type=\"link\" data-id=\"https:\/\/lumberjacknjill.com\/events\/category\/america\/usa\/pplo\/list\/\">PPLO<\/a><\/li>\n<\/ul>\n<\/li>\n<\/ul>\n<\/li>\n<\/ul>\n\n\n\n<ul class=\"wp-block-list\">\n<li class=\"has-small-font-size\"><strong><a href=\"https:\/\/www.uslogrolling.com\/tournaments\" data-type=\"link\" data-id=\"https:\/\/www.uslogrolling.com\/tournaments\">US Log Rolling Association Tournaments<\/a><\/strong>\n<ul class=\"wp-block-list\">\n<li>Comp\u00e9titions de course sur billots<br>Lien versa un site externe<br>Utiliser leur site pour voir leurs comp\u00e9titions<\/li>\n<\/ul>\n<\/li>\n<\/ul>\n\n\n\n<figure class=\"wp-block-image size-full\"><img loading=\"lazy\" decoding=\"async\" width=\"1024\" height=\"801\" src=\"https:\/\/lumberjacknjill.com\/wp-content\/uploads\/Canada.png\" alt=\"\" class=\"wp-image-1607\" srcset=\"https:\/\/lumberjacknjill.com\/wp-content\/uploads\/Canada.png 1024w, https:\/\/lumberjacknjill.com\/wp-content\/uploads\/Canada-300x235.png 300w, https:\/\/lumberjacknjill.com\/wp-content\/uploads\/Canada-768x601.png 768w\" sizes=\"auto, (max-width: 1024px) 100vw, 1024px\" \/><\/figure>\n\n\n\n<figure class=\"wp-block-image size-full\"><img loading=\"lazy\" decoding=\"async\" width=\"1024\" height=\"802\" src=\"https:\/\/lumberjacknjill.com\/wp-content\/uploads\/U-S.png\" alt=\"\" class=\"wp-image-1667\" srcset=\"https:\/\/lumberjacknjill.com\/wp-content\/uploads\/U-S.png 1024w, https:\/\/lumberjacknjill.com\/wp-content\/uploads\/U-S-300x235.png 300w, https:\/\/lumberjacknjill.com\/wp-content\/uploads\/U-S-768x602.png 768w\" sizes=\"auto, (max-width: 1024px) 100vw, 1024px\" \/><\/figure>\n\n\n\n<p class=\"has-large-font-size\"><strong>Organisations et groupes<\/strong><\/p>\n\n\n\n<p>List of organisations and groups who manage or list competitions and events. Some of these groups require a membership to allow attendance.<\/p>\n\n\n\n<p class=\"has-small-font-size\"><a href=\"https:\/\/lumberjacknjill.com\/fr\/competitions-organisations\/\" data-type=\"link\" data-id=\"https:\/\/lumberjacknjill.com\/competitions-organisations\/\">Link to the Organisations\/Groups page.<\/a><\/p>\n\n\n\n<p class=\"has-large-font-size\"><strong>Great Competitions<\/strong><\/p>\n\n\n\n<p>List of show with a history. These have been held years after years.<br>They often happen around the same time every year and usually have a solid organisation.<br>I did not personnaly attend to all of them. You should lookup their website for more informations.<\/p>\n\n\n\n<p class=\"has-small-font-size\"><a href=\"https:\/\/lumberjacknjill.com\/fr\/competitions-great\/\" data-type=\"link\" data-id=\"https:\/\/lumberjacknjill.com\/competitions-permanents\/\">Link to the great competitions page.<\/a><\/p>\n\n\n\n<p class=\"has-medium-font-size\"><br><\/p>\n\n\n\n<p><\/p>","protected":false},"excerpt":{"rendered":"<p>Competitions &amp; Events Thanks to Nancy Zalewski who took the initiative to build the 2025 Shows and Events list, Competitors from North America will have a better idea of competitions [&hellip;]<\/p>\n","protected":false},"author":5,"featured_media":0,"parent":0,"menu_order":0,"comment_status":"closed","ping_status":"closed","template":"","meta":{"iawp_total_views":1169,"footnotes":""},"class_list":["post-72","page","type-page","status-publish","hentry"],"_links":{"self":[{"href":"https:\/\/lumberjacknjill.com\/fr\/wp-json\/wp\/v2\/pages\/72","targetHints":{"allow":["GET"]}}],"collection":[{"href":"https:\/\/lumberjacknjill.com\/fr\/wp-json\/wp\/v2\/pages"}],"about":[{"href":"https:\/\/lumberjacknjill.com\/fr\/wp-json\/wp\/v2\/types\/page"}],"author":[{"embeddable":true,"href":"https:\/\/lumberjacknjill.com\/fr\/wp-json\/wp\/v2\/users\/5"}],"replies":[{"embeddable":true,"href":"https:\/\/lumberjacknjill.com\/fr\/wp-json\/wp\/v2\/comments?post=72"}],"version-history":[{"count":9,"href":"https:\/\/lumberjacknjill.com\/fr\/wp-json\/wp\/v2\/pages\/72\/revisions"}],"predecessor-version":[{"id":3067,"href":"https:\/\/lumberjacknjill.com\/fr\/wp-json\/wp\/v2\/pages\/72\/revisions\/3067"}],"wp:attachment":[{"href":"https:\/\/lumberjacknjill.com\/fr\/wp-json\/wp\/v2\/media?parent=72"}],"curies":[{"name":"wp","href":"https:\/\/api.w.org\/{rel}","templated":true}]}}