{"id":566,"date":"2025-01-25T23:14:06","date_gmt":"2025-01-26T04:14:06","guid":{"rendered":"https:\/\/lumberjacknjill.com\/?page_id=566"},"modified":"2025-07-26T23:50:26","modified_gmt":"2025-07-27T03:50:26","slug":"equipment-other","status":"publish","type":"page","link":"https:\/\/lumberjacknjill.com\/fr\/equipment\/equipment-other\/","title":{"rendered":"Equipment &amp; Gears &#8211; Safety\/Other Gears"},"content":{"rendered":"<p class=\"has-medium-font-size\"><strong>Disclaimer<\/strong>. I do not personally know all the vendors listed here. For most of them, I do not know the quality of their work. Before spending big money on specialty equipment, I recommend to ask for their references. Everything I\u2019ve used so far were supplied by my dad.<br>Also, make sure to check if what you plan to buy is approved at the competitions you will participating. Some shows will disqualify you if you only wear the chainmail sock.<\/p>\n\n\n\n<p class=\"has-large-font-size\"><strong>\u00c9quipements de s\u00e9curit\u00e9 et autres<\/strong><\/p>\n\n\n\n<p class=\"has-large-font-size\">Chainmails<\/p>\n\n\n\n<div class=\"wp-block-columns is-layout-flex wp-container-core-columns-is-layout-9d6595d7 wp-block-columns-is-layout-flex\">\n<div class=\"wp-block-column is-layout-flow wp-block-column-is-layout-flow\">\n<ul class=\"wp-block-list\">\n<li class=\"has-medium-font-size\">Karl Bischoff\n<ul class=\"wp-block-list\">\n<li class=\"has-small-font-size\"><a href=\"https:\/\/lumberjacknjill.com\/fr\/supplier-karl-bischoff\/\">https:\/\/lumberjacknjill.com\/supplier-karl-bischoff\/<\/a>\n<ul class=\"wp-block-list\">\n<li>British-Columbia, <strong>Canada<\/strong><\/li>\n\n\n\n<li>Will supply canadian competitors.<\/li>\n<\/ul>\n<\/li>\n<\/ul>\n<\/li>\n<\/ul>\n<\/div>\n\n\n\n<div class=\"wp-block-column is-layout-flow wp-block-column-is-layout-flow\">\n<figure class=\"wp-block-image size-large is-resized\"><a href=\"https:\/\/lumberjacknjill.com\/wp-content\/uploads\/KBischoff-scaled.jpg\"><img loading=\"lazy\" decoding=\"async\" width=\"1918\" height=\"1080\" src=\"https:\/\/lumberjacknjill.com\/wp-content\/uploads\/KBischoff-1918x1080.jpg\" alt=\"\" class=\"wp-image-2051\" style=\"width:auto;height:180px\" srcset=\"https:\/\/lumberjacknjill.com\/wp-content\/uploads\/KBischoff-1918x1080.jpg 1918w, https:\/\/lumberjacknjill.com\/wp-content\/uploads\/KBischoff-300x169.jpg 300w, https:\/\/lumberjacknjill.com\/wp-content\/uploads\/KBischoff-768x432.jpg 768w, https:\/\/lumberjacknjill.com\/wp-content\/uploads\/KBischoff-1536x865.jpg 1536w, https:\/\/lumberjacknjill.com\/wp-content\/uploads\/KBischoff-2048x1153.jpg 2048w\" sizes=\"auto, (max-width: 1918px) 100vw, 1918px\" \/><\/a><\/figure>\n<\/div>\n<\/div>\n\n\n\n<p class=\"has-medium-font-size\"><\/p>\n\n\n\n<div class=\"wp-block-columns is-layout-flex wp-container-core-columns-is-layout-9d6595d7 wp-block-columns-is-layout-flex\">\n<div class=\"wp-block-column is-layout-flow wp-block-column-is-layout-flow\">\n<ul class=\"wp-block-list\">\n<li class=\"has-medium-font-size\">MailleTec Industries\n<ul class=\"wp-block-list\">\n<li class=\"has-small-font-size\"><a href=\"https:\/\/mailletec.com\/shop\/\">https:\/\/mailletec.com\/shop\/<\/a>\n<ul class=\"wp-block-list\">\n<li>Saskatchewan, <strong>Canada<\/strong><br><\/li>\n<\/ul>\n<\/li>\n<\/ul>\n<\/li>\n<\/ul>\n<\/div>\n\n\n\n<div class=\"wp-block-column is-layout-flow wp-block-column-is-layout-flow\">\n<figure class=\"wp-block-image size-large is-resized\"><img decoding=\"async\" src=\"https:\/\/i0.wp.com\/mailletec.com\/wp-content\/uploads\/2020\/01\/DSCF3118.jpg?resize=600%2C400&amp;ssl=1\" alt=\"\" style=\"width:auto;height:180px\"\/><\/figure>\n<\/div>\n<\/div>\n\n\n\n<p class=\"has-medium-font-size\"><\/p>\n\n\n\n<div class=\"wp-block-columns is-layout-flex wp-container-core-columns-is-layout-9d6595d7 wp-block-columns-is-layout-flex\">\n<div class=\"wp-block-column is-layout-flow wp-block-column-is-layout-flow\">\n<ul class=\"wp-block-list\">\n<li class=\"has-medium-font-size\">The-Lumberjill\n<ul class=\"wp-block-list\">\n<li class=\"has-small-font-size\"><a href=\"https:\/\/thelumberjill.com\/\">https:\/\/thelumberjill.com\/<\/a>\n<ul class=\"wp-block-list\">\n<li><strong>USA<\/strong><\/li>\n<\/ul>\n<\/li>\n<\/ul>\n<\/li>\n<\/ul>\n<\/div>\n\n\n\n<div class=\"wp-block-column is-layout-flow wp-block-column-is-layout-flow\">\n<figure class=\"wp-block-image size-large is-resized\"><img decoding=\"async\" src=\"https:\/\/thelumberjill.com\/cdn\/shop\/products\/IMG_7376_grande.JPG?v=1548025790\" alt=\"\" style=\"width:auto;height:180px\"\/><\/figure>\n<\/div>\n<\/div>\n\n\n\n<hr class=\"wp-block-separator has-alpha-channel-opacity\"\/>\n\n\n\n<p class=\"has-large-font-size\">Peavey Handles<\/p>\n\n\n\n<div class=\"wp-block-columns is-layout-flex wp-container-core-columns-is-layout-9d6595d7 wp-block-columns-is-layout-flex\">\n<div class=\"wp-block-column is-layout-flow wp-block-column-is-layout-flow\">\n<ul class=\"wp-block-list\">\n<li class=\"has-medium-font-size\">East Coast Lumberjack\n<ul class=\"wp-block-list\">\n<li class=\"has-small-font-size\"><a href=\"https:\/\/eastcoastlumberjack.com\/\">https:\/\/eastcoastlumberjack.com\/<\/a><\/li>\n\n\n\n<li class=\"has-small-font-size\"><a href=\"https:\/\/www.facebook.com\/profile.php?id=100063736982659\">Facebook: East Coast Lumberjack<\/a><\/li>\n\n\n\n<li class=\"has-small-font-size\"><a href=\"https:\/\/www.youtube.com\/@eastcoastlumberjack\">Youtube: East Coast Lumberjack<\/a>\n<ul class=\"wp-block-list\">\n<li class=\"has-small-font-size\">New-Brunswick, <strong>Canada<\/strong><\/li>\n<\/ul>\n<\/li>\n<\/ul>\n<\/li>\n<\/ul>\n<\/div>\n\n\n\n<div class=\"wp-block-column is-layout-flow wp-block-column-is-layout-flow\">\n<figure class=\"wp-block-image size-large\"><img loading=\"lazy\" decoding=\"async\" width=\"1920\" height=\"537\" src=\"https:\/\/lumberjacknjill.com\/wp-content\/uploads\/RodPeevey-1920x537.jpg\" alt=\"\" class=\"wp-image-2362\" srcset=\"https:\/\/lumberjacknjill.com\/wp-content\/uploads\/RodPeevey-1920x537.jpg 1920w, https:\/\/lumberjacknjill.com\/wp-content\/uploads\/RodPeevey-300x84.jpg 300w, https:\/\/lumberjacknjill.com\/wp-content\/uploads\/RodPeevey-768x215.jpg 768w, https:\/\/lumberjacknjill.com\/wp-content\/uploads\/RodPeevey-1536x430.jpg 1536w, https:\/\/lumberjacknjill.com\/wp-content\/uploads\/RodPeevey-2048x573.jpg 2048w\" sizes=\"auto, (max-width: 1920px) 100vw, 1920px\" \/><\/figure>\n<\/div>\n<\/div>\n\n\n\n<hr class=\"wp-block-separator has-alpha-channel-opacity\"\/>\n\n\n\n<p class=\"has-large-font-size\">Spike Shoes (Cleats or Logrolling Caulks)<\/p>\n\n\n\n<div class=\"wp-block-columns is-layout-flex wp-container-core-columns-is-layout-9d6595d7 wp-block-columns-is-layout-flex\">\n<div class=\"wp-block-column is-layout-flow wp-block-column-is-layout-flow\">\n<ul class=\"wp-block-list\">\n<li class=\"has-medium-font-size\">Caleb Graves\n<ul class=\"wp-block-list\">\n<li class=\"has-small-font-size\"><a href=\"https:\/\/www.facebook.com\/caleb.graves.39\" data-type=\"link\" data-id=\"https:\/\/www.facebook.com\/caleb.graves.39\">Facebook: Caleb Graves<\/a>\n<ul class=\"wp-block-list\">\n<li>Tennessee, <strong>US<\/strong><\/li>\n<\/ul>\n<\/li>\n<\/ul>\n<\/li>\n<\/ul>\n<\/div>\n\n\n\n<div class=\"wp-block-column is-layout-flow wp-block-column-is-layout-flow\">\n<figure class=\"wp-block-image size-large is-resized\"><img loading=\"lazy\" decoding=\"async\" width=\"1920\" height=\"1080\" src=\"https:\/\/lumberjacknjill.com\/wp-content\/uploads\/CalebGraves-1920x1080.jpeg\" alt=\"\" class=\"wp-image-2345\" style=\"width:auto;height:180px\" srcset=\"https:\/\/lumberjacknjill.com\/wp-content\/uploads\/CalebGraves-1920x1080.jpeg 1920w, https:\/\/lumberjacknjill.com\/wp-content\/uploads\/CalebGraves-300x169.jpeg 300w, https:\/\/lumberjacknjill.com\/wp-content\/uploads\/CalebGraves-768x432.jpeg 768w, https:\/\/lumberjacknjill.com\/wp-content\/uploads\/CalebGraves-1536x864.jpeg 1536w, https:\/\/lumberjacknjill.com\/wp-content\/uploads\/CalebGraves.jpeg 2048w\" sizes=\"auto, (max-width: 1920px) 100vw, 1920px\" \/><\/figure>\n<\/div>\n<\/div>\n\n\n\n<div class=\"wp-block-columns is-layout-flex wp-container-core-columns-is-layout-9d6595d7 wp-block-columns-is-layout-flex\">\n<div class=\"wp-block-column is-layout-flow wp-block-column-is-layout-flow\">\n<ul class=\"wp-block-list\">\n<li class=\"has-medium-font-size\">Sean Yokoyama\n<ul class=\"wp-block-list\">\n<li class=\"has-small-font-size\"><a href=\"https:\/\/www.facebook.com\/sean.yokoyama\" data-type=\"link\" data-id=\"https:\/\/www.facebook.com\/sean.yokoyama\">Facebook: Sean Yokoyama<\/a>\n<ul class=\"wp-block-list\">\n<li>British Columbia, <strong>Canada<\/strong><\/li>\n<\/ul>\n<\/li>\n<\/ul>\n<\/li>\n<\/ul>\n<\/div>\n\n\n\n<div class=\"wp-block-column is-layout-flow wp-block-column-is-layout-flow\">\n<figure class=\"wp-block-image size-full is-resized\"><img loading=\"lazy\" decoding=\"async\" width=\"1000\" height=\"640\" src=\"https:\/\/lumberjacknjill.com\/wp-content\/uploads\/SeanYokoyama.png\" alt=\"\" class=\"wp-image-1952\" style=\"width:auto;height:180px\" srcset=\"https:\/\/lumberjacknjill.com\/wp-content\/uploads\/SeanYokoyama.png 1000w, https:\/\/lumberjacknjill.com\/wp-content\/uploads\/SeanYokoyama-300x192.png 300w, https:\/\/lumberjacknjill.com\/wp-content\/uploads\/SeanYokoyama-768x492.png 768w\" sizes=\"auto, (max-width: 1000px) 100vw, 1000px\" \/><\/figure>\n<\/div>\n<\/div>\n\n\n\n<hr class=\"wp-block-separator has-alpha-channel-opacity\"\/>\n\n\n\n<p class=\"has-large-font-size\">Springboard Clips<\/p>\n\n\n\n<ul class=\"wp-block-list\">\n<li class=\"has-medium-font-size\">Scott Read\n<ul class=\"wp-block-list\">\n<li class=\"has-small-font-size\"><a href=\"https:\/\/www.facebook.com\/smread\">Facebook: Scott Read<\/a>\n<ul class=\"wp-block-list\">\n<li class=\"has-small-font-size\">Nova Scotia, <strong>Canada<\/strong><\/li>\n<\/ul>\n<\/li>\n<\/ul>\n<\/li>\n<\/ul>","protected":false},"excerpt":{"rendered":"<p>Disclaimer. I do not personally know all the vendors listed here. For most of them, I do not know the quality of their work. Before spending big money on specialty [&hellip;]<\/p>\n","protected":false},"author":5,"featured_media":0,"parent":402,"menu_order":0,"comment_status":"closed","ping_status":"closed","template":"","meta":{"iawp_total_views":322,"footnotes":""},"class_list":["post-566","page","type-page","status-publish","hentry"],"_links":{"self":[{"href":"https:\/\/lumberjacknjill.com\/fr\/wp-json\/wp\/v2\/pages\/566","targetHints":{"allow":["GET"]}}],"collection":[{"href":"https:\/\/lumberjacknjill.com\/fr\/wp-json\/wp\/v2\/pages"}],"about":[{"href":"https:\/\/lumberjacknjill.com\/fr\/wp-json\/wp\/v2\/types\/page"}],"author":[{"embeddable":true,"href":"https:\/\/lumberjacknjill.com\/fr\/wp-json\/wp\/v2\/users\/5"}],"replies":[{"embeddable":true,"href":"https:\/\/lumberjacknjill.com\/fr\/wp-json\/wp\/v2\/comments?post=566"}],"version-history":[{"count":10,"href":"https:\/\/lumberjacknjill.com\/fr\/wp-json\/wp\/v2\/pages\/566\/revisions"}],"predecessor-version":[{"id":2365,"href":"https:\/\/lumberjacknjill.com\/fr\/wp-json\/wp\/v2\/pages\/566\/revisions\/2365"}],"up":[{"embeddable":true,"href":"https:\/\/lumberjacknjill.com\/fr\/wp-json\/wp\/v2\/pages\/402"}],"wp:attachment":[{"href":"https:\/\/lumberjacknjill.com\/fr\/wp-json\/wp\/v2\/media?parent=566"}],"curies":[{"name":"wp","href":"https:\/\/api.w.org\/{rel}","templated":true}]}}