{"id":560,"date":"2025-01-25T23:06:03","date_gmt":"2025-01-26T04:06:03","guid":{"rendered":"https:\/\/lumberjacknjill.com\/?page_id=560"},"modified":"2025-10-23T21:23:57","modified_gmt":"2025-10-24T01:23:57","slug":"equipment-crosscut-saw","status":"publish","type":"page","link":"https:\/\/lumberjacknjill.com\/fr\/equipment\/equipment-crosscut-saw\/","title":{"rendered":"Equipment &amp; Gears &#8211; Crosscut Saw"},"content":{"rendered":"<p class=\"has-medium-font-size\"><strong>Avertissement<\/strong>. Je ne connais pas personnellement tous les vendeurs list\u00e9s ici, ni la qualit\u00e9 des \u00e9quipements qu'ils offrent. Avant de d\u00e9penser, je vous conseille de demander des r\u00e9f\u00e9rences. Tout \u00e9quipement que j'ai utilis\u00e9 m'a \u00e9t\u00e9 fourni par mon p\u00e8re.<br>Aussi, v\u00e9rifiez si ce que vous compter utiliser, est permis dans les comp\u00e9titions o\u00f9 vous participerez.<\/p>\n\n\n\n<p class=\"has-large-font-size\">Godendar (Scies passe-partout)<\/p>\n\n\n\n<p class=\"has-medium-font-size\"><strong>\u00c0 1 ou 2 personnes<\/strong><\/p>\n\n\n\n<ul class=\"wp-block-list\">\n<li class=\"has-medium-font-size\">\u200bAlan Boyko\n<ul class=\"wp-block-list\">\n<li class=\"has-small-font-size\">Facebook: <a href=\"https:\/\/www.facebook.com\/man234\">Alan Boyko<\/a>\n<ul class=\"wp-block-list\">\n<li class=\"has-small-font-size\"><strong>British Columbia, Canada<\/strong><\/li>\n\n\n\n<li class=\"has-small-font-size\">Old style saws for training<\/li>\n<\/ul>\n<\/li>\n<\/ul>\n<\/li>\n<\/ul>\n\n\n\n<div class=\"wp-block-columns is-layout-flex wp-container-core-columns-is-layout-9d6595d7 wp-block-columns-is-layout-flex\">\n<div class=\"wp-block-column is-layout-flow wp-block-column-is-layout-flow\">\n<div class=\"wp-block-columns is-layout-flex wp-container-core-columns-is-layout-9d6595d7 wp-block-columns-is-layout-flex\">\n<div class=\"wp-block-column is-layout-flow wp-block-column-is-layout-flow\">\n<ul class=\"wp-block-list\">\n<li class=\"has-medium-font-size\">Donald Lambert\n<ul class=\"wp-block-list\">\n<li class=\"has-small-font-size\">Facebook: <a href=\"https:\/\/www.facebook.com\/donald.lambert.90813\">Donald Lambert<\/a>\n<ul class=\"wp-block-list\">\n<li class=\"has-small-font-size\"><strong>Qu\u00e9bec, Canada<\/strong><\/li>\n<\/ul>\n<\/li>\n<\/ul>\n<\/li>\n<\/ul>\n<\/div>\n\n\n\n<div class=\"wp-block-column is-layout-flow wp-block-column-is-layout-flow\">\n<figure class=\"wp-block-image size-full is-resized\"><img loading=\"lazy\" decoding=\"async\" width=\"440\" height=\"250\" src=\"https:\/\/lumberjacknjill.com\/wp-content\/uploads\/DonaldLambert-e1743362727552.jpg\" alt=\"\" class=\"wp-image-1545\" style=\"width:300px\" srcset=\"https:\/\/lumberjacknjill.com\/wp-content\/uploads\/DonaldLambert-e1743362727552.jpg 440w, https:\/\/lumberjacknjill.com\/wp-content\/uploads\/DonaldLambert-e1743362727552-300x170.jpg 300w\" sizes=\"auto, (max-width: 440px) 100vw, 440px\" \/><\/figure>\n<\/div>\n<\/div>\n<\/div>\n<\/div>\n\n\n\n<ul class=\"wp-block-list\">\n<li class=\"has-medium-font-size\">Jim Taylor\n<ul class=\"wp-block-list\">\n<li class=\"has-small-font-size\"><strong>Phone: 1(530)515-2359<\/strong>\n<ul class=\"wp-block-list\">\n<li class=\"has-small-font-size\"><strong>California, USA<\/strong><\/li>\n\n\n\n<li class=\"has-small-font-size\">He also make great Hunting knife<\/li>\n<\/ul>\n<\/li>\n<\/ul>\n<\/li>\n\n\n\n<li class=\"has-medium-font-size\">KBT\n<ul class=\"wp-block-list\">\n<li class=\"has-small-font-size\">Facebook: <a href=\"https:\/\/www.facebook.com\/people\/KBT-Competition-Saws\/100057480407062\/\">KBT Competition Saws<\/a>\n<ul class=\"wp-block-list\">\n<li class=\"has-small-font-size\"><strong>Australia<\/strong><\/li>\n<\/ul>\n<\/li>\n<\/ul>\n<\/li>\n\n\n\n<li class=\"has-medium-font-size\">Mat Baugh\n<ul class=\"wp-block-list\">\n<li class=\"has-small-font-size\">Facebook: <a href=\"https:\/\/www.facebook.com\/mat.baugh.1\" data-type=\"link\" data-id=\"https:\/\/www.facebook.com\/mat.baugh.1\">Mat Baugh<\/a>\n<ul class=\"wp-block-list\">\n<li><strong>Missouri, USA<\/strong>\n<ul class=\"wp-block-list\">\n<li>Can refile Singlebuck and 2 persons saw.<\/li>\n\n\n\n<li>Can make new 14 gauge 2 persons saw.<\/li>\n<\/ul>\n<\/li>\n<\/ul>\n<\/li>\n<\/ul>\n<\/li>\n\n\n\n<li class=\"has-medium-font-size\">Mel Lentz\n<ul class=\"wp-block-list\">\n<li class=\"has-small-font-size\">Facebook: <a href=\"https:\/\/www.facebook.com\/profile.php?id=100012659807505\">Mel Lentz<\/a>\n<ul class=\"wp-block-list\">\n<li class=\"has-small-font-size\"><strong>West Virginia, USA<\/strong><\/li>\n<\/ul>\n<\/li>\n<\/ul>\n<\/li>\n<\/ul>\n\n\n\n<div class=\"wp-block-columns is-layout-flex wp-container-core-columns-is-layout-9d6595d7 wp-block-columns-is-layout-flex\">\n<div class=\"wp-block-column is-layout-flow wp-block-column-is-layout-flow\">\n<ul class=\"wp-block-list\">\n<li class=\"has-medium-font-size\">Mercier Racing Saws\n<ul class=\"wp-block-list\">\n<li class=\"has-small-font-size\">Site Web: <a href=\"https:\/\/mercierracingsaws.com\/\">https:\/\/mercierracingsaws.com\/<\/a><\/li>\n\n\n\n<li class=\"has-small-font-size\"><a href=\"https:\/\/www.facebook.com\/jeanpierre.mercier.397\" data-type=\"link\" data-id=\"https:\/\/www.facebook.com\/jeanpierre.mercier.397\">Facebook: JP Mercier<\/a>\n<ul class=\"wp-block-list\">\n<li class=\"has-small-font-size\"><strong>Qu\u00e9bec, Canada<\/strong><\/li>\n\n\n\n<li class=\"has-small-font-size\">1 ou 2 personnes<\/li>\n\n\n\n<li class=\"has-small-font-size\">2, 3, 4 dents<\/li>\n\n\n\n<li class=\"has-small-font-size\">Peut r\u00e9parer la plupart des scies si elles ne sont pas trop endommag\u00e9es<\/li>\n\n\n\n<li>Les scies qu'il a aiguis\u00e9 d\u00e9tiennent la plupart des records<\/li>\n<\/ul>\n<\/li>\n<\/ul>\n<\/li>\n<\/ul>\n<\/div>\n\n\n\n<div class=\"wp-block-column is-layout-flow wp-block-column-is-layout-flow\">\n<figure class=\"wp-block-image size-full is-resized\"><img loading=\"lazy\" decoding=\"async\" width=\"1003\" height=\"563\" src=\"https:\/\/lumberjacknjill.com\/wp-content\/uploads\/2024\/12\/2024-Hayward-JacknJill1-e1737949069898.jpg\" alt=\"\" class=\"wp-image-13\" style=\"width:auto;height:200px\" srcset=\"https:\/\/lumberjacknjill.com\/wp-content\/uploads\/2024\/12\/2024-Hayward-JacknJill1-e1737949069898.jpg 1003w, https:\/\/lumberjacknjill.com\/wp-content\/uploads\/2024\/12\/2024-Hayward-JacknJill1-e1737949069898-300x168.jpg 300w, https:\/\/lumberjacknjill.com\/wp-content\/uploads\/2024\/12\/2024-Hayward-JacknJill1-e1737949069898-768x431.jpg 768w\" sizes=\"auto, (max-width: 1003px) 100vw, 1003px\" \/><\/figure>\n<\/div>\n<\/div>\n\n\n\n<ul class=\"wp-block-list\">\n<li class=\"has-medium-font-size\">Paul Pfenninger\n<ul class=\"wp-block-list\">\n<li class=\"has-small-font-size\">Facebook: <a href=\"https:\/\/www.facebook.com\/laura.pfenninger.7\">Laura Pfenninger<\/a><\/li>\n\n\n\n<li class=\"has-small-font-size\">1(585)713-5442\n<ul class=\"wp-block-list\">\n<li class=\"has-small-font-size\"><strong>New-York, USA<\/strong><\/li>\n<\/ul>\n<\/li>\n<\/ul>\n<\/li>\n\n\n\n<li class=\"has-medium-font-size\">Tuatahi\n<ul class=\"wp-block-list\">\n<li class=\"has-small-font-size\">Site Web: <a href=\"https:\/\/www.tuatahiaxes.com\/\">https:\/\/www.tuatahiaxes.com\/<\/a>\n<ul class=\"wp-block-list\">\n<li class=\"has-small-font-size\"><strong>New-Zealand<\/strong><\/li>\n<\/ul>\n<\/li>\n<\/ul>\n<\/li>\n<\/ul>\n\n\n\n<hr class=\"wp-block-separator has-alpha-channel-opacity\"\/>\n\n\n\n<p class=\"has-large-font-size\">Poign\u00e9es pour Godendars<\/p>\n\n\n\n<ul class=\"wp-block-list\">\n<li class=\"has-medium-font-size\">Engineered for Axemen\n<ul class=\"wp-block-list\">\n<li class=\"has-small-font-size\"><a href=\"https:\/\/www.facebook.com\/EngineeredForAxemen\/\">Facebook: Engineered For Axemen<\/a>\n<ul class=\"wp-block-list\">\n<li><strong>Australia<\/strong><\/li>\n<\/ul>\n<\/li>\n<\/ul>\n<\/li>\n<\/ul>\n\n\n\n<p><\/p>\n\n\n\n<div class=\"wp-block-columns is-layout-flex wp-container-core-columns-is-layout-9d6595d7 wp-block-columns-is-layout-flex\">\n<div class=\"wp-block-column is-layout-flow wp-block-column-is-layout-flow\">\n<ul class=\"wp-block-list\">\n<li class=\"has-medium-font-size\">Mercier Racing Saws\n<ul class=\"wp-block-list\">\n<li class=\"has-small-font-size\">Site Web: <a href=\"https:\/\/mercierracingsaws.com\/\">https:\/\/mercierracingsaws.com\/<\/a><\/li>\n\n\n\n<li class=\"has-small-font-size\"><a href=\"https:\/\/www.facebook.com\/jeanpierre.mercier.397\" data-type=\"link\" data-id=\"https:\/\/www.facebook.com\/jeanpierre.mercier.397\">Facebook: JP Mercier<\/a>\n<ul class=\"wp-block-list\">\n<li class=\"has-small-font-size\"><strong>Qu\u00e9bec, Canada<\/strong><\/li>\n<\/ul>\n<\/li>\n<\/ul>\n<\/li>\n<\/ul>\n<\/div>\n\n\n\n<div class=\"wp-block-column is-layout-flow wp-block-column-is-layout-flow\"><div class=\"wp-block-image\">\n<figure class=\"aligncenter size-large is-resized\"><img loading=\"lazy\" decoding=\"async\" width=\"1079\" height=\"1080\" src=\"https:\/\/lumberjacknjill.com\/wp-content\/uploads\/MercierHandles-1079x1080.jpg\" alt=\"\" class=\"wp-image-2358\" style=\"width:auto;height:200px\" srcset=\"https:\/\/lumberjacknjill.com\/wp-content\/uploads\/MercierHandles-1079x1080.jpg 1079w, https:\/\/lumberjacknjill.com\/wp-content\/uploads\/MercierHandles-300x300.jpg 300w, https:\/\/lumberjacknjill.com\/wp-content\/uploads\/MercierHandles-150x150.jpg 150w, https:\/\/lumberjacknjill.com\/wp-content\/uploads\/MercierHandles-768x769.jpg 768w, https:\/\/lumberjacknjill.com\/wp-content\/uploads\/MercierHandles-1536x1536.jpg 1536w, https:\/\/lumberjacknjill.com\/wp-content\/uploads\/MercierHandles-2046x2048.jpg 2046w\" sizes=\"auto, (max-width: 1079px) 100vw, 1079px\" \/><\/figure>\n<\/div><\/div>\n<\/div>","protected":false},"excerpt":{"rendered":"<p>Disclaimer. I do not personally know all the vendors listed here. For most of them, I do not know the quality of their work. Before spending big money on specialty [&hellip;]<\/p>\n","protected":false},"author":5,"featured_media":0,"parent":402,"menu_order":0,"comment_status":"closed","ping_status":"closed","template":"","meta":{"iawp_total_views":737,"footnotes":""},"class_list":["post-560","page","type-page","status-publish","hentry"],"_links":{"self":[{"href":"https:\/\/lumberjacknjill.com\/fr\/wp-json\/wp\/v2\/pages\/560","targetHints":{"allow":["GET"]}}],"collection":[{"href":"https:\/\/lumberjacknjill.com\/fr\/wp-json\/wp\/v2\/pages"}],"about":[{"href":"https:\/\/lumberjacknjill.com\/fr\/wp-json\/wp\/v2\/types\/page"}],"author":[{"embeddable":true,"href":"https:\/\/lumberjacknjill.com\/fr\/wp-json\/wp\/v2\/users\/5"}],"replies":[{"embeddable":true,"href":"https:\/\/lumberjacknjill.com\/fr\/wp-json\/wp\/v2\/comments?post=560"}],"version-history":[{"count":10,"href":"https:\/\/lumberjacknjill.com\/fr\/wp-json\/wp\/v2\/pages\/560\/revisions"}],"predecessor-version":[{"id":2461,"href":"https:\/\/lumberjacknjill.com\/fr\/wp-json\/wp\/v2\/pages\/560\/revisions\/2461"}],"up":[{"embeddable":true,"href":"https:\/\/lumberjacknjill.com\/fr\/wp-json\/wp\/v2\/pages\/402"}],"wp:attachment":[{"href":"https:\/\/lumberjacknjill.com\/fr\/wp-json\/wp\/v2\/media?parent=560"}],"curies":[{"name":"wp","href":"https:\/\/api.w.org\/{rel}","templated":true}]}}