{"id":402,"date":"2025-01-17T21:03:56","date_gmt":"2025-01-18T02:03:56","guid":{"rendered":"https:\/\/lumberjacknjill.com\/?page_id=402"},"modified":"2025-04-08T10:38:27","modified_gmt":"2025-04-08T14:38:27","slug":"equipment","status":"publish","type":"page","link":"https:\/\/lumberjacknjill.com\/fr\/equipment\/","title":{"rendered":"Equipment &amp; Gears"},"content":{"rendered":"<p class=\"has-large-font-size\"><strong>Equipment &amp; Gears<\/strong><\/p>\n\n\n\n<p class=\"has-medium-font-size\"><strong>Disclaimer<\/strong>. I do not personally know all the vendors listed here. For most of them, I do not know the quality of their work. Before spending big money on specialty equipment, I recommend to ask for their references. Everything I&#8217;ve used so far were supplied by my dad.<br>Also, make sure to check if what you plan to buy is approved at the competitions you will participating.<\/p>\n\n\n\n<ul class=\"wp-block-list\">\n<li><a href=\"https:\/\/lumberjacknjill.com\/fr\/equipment-axe-chopping\/\" data-type=\"link\" data-id=\"https:\/\/lumberjacknjill.com\/gearing-up-axe-chopping\/\">Axes (Chopping)<\/a><\/li>\n\n\n\n<li><a href=\"https:\/\/lumberjacknjill.com\/fr\/equipment-axe-throwing\/\" data-type=\"link\" data-id=\"https:\/\/lumberjacknjill.com\/gearing-up-axe-throwing\/\">Axes (Throwing)<\/a><\/li>\n\n\n\n<li><a href=\"https:\/\/lumberjacknjill.com\/fr\/equipment-bowsaw\/\" data-type=\"link\" data-id=\"https:\/\/lumberjacknjill.com\/gearing-up-bowsaw\/\">Bowsaws<\/a><\/li>\n\n\n\n<li><a href=\"https:\/\/lumberjacknjill.com\/fr\/equipment-stands\/\" data-type=\"link\" data-id=\"https:\/\/lumberjacknjill.com\/gearing-up-stands\/\">Chopping Stands<\/a><\/li>\n\n\n\n<li><a href=\"https:\/\/lumberjacknjill.com\/fr\/equipment-crosscut-saw\/\" data-type=\"link\" data-id=\"https:\/\/lumberjacknjill.com\/gearing-up-crosscut-saw\/\">Crosscut Saws<\/a><\/li>\n\n\n\n<li><a href=\"https:\/\/lumberjacknjill.com\/fr\/equipment-hotsaw-chainsaw\/\" data-type=\"link\" data-id=\"https:\/\/lumberjacknjill.com\/hotsaw-modified-chainsaw\/\">Hotsaw\/Modified Chainsaw<\/a><\/li>\n\n\n\n<li><a href=\"https:\/\/lumberjacknjill.com\/fr\/equipment-other\/\" data-type=\"link\" data-id=\"https:\/\/lumberjacknjill.com\/gearing-up-other\/\">\u00c9quipements de s\u00e9curit\u00e9 et autres<\/a><\/li>\n\n\n\n<li><a href=\"https:\/\/lumberjacknjill.com\/fr\/equipment-used-equipment\/\" data-type=\"link\" data-id=\"https:\/\/lumberjacknjill.com\/gearing-up-used-equipment\/\">\u00c9quipements usag\u00e9s<\/a><\/li>\n<\/ul>\n\n\n\n<p><\/p>","protected":false},"excerpt":{"rendered":"<p>Equipment &amp; Gears Disclaimer. I do not personally know all the vendors listed here. For most of them, I do not know the quality of their work. Before spending big [&hellip;]<\/p>\n","protected":false},"author":5,"featured_media":0,"parent":0,"menu_order":0,"comment_status":"closed","ping_status":"closed","template":"","meta":{"iawp_total_views":1060,"footnotes":""},"class_list":["post-402","page","type-page","status-publish","hentry"],"_links":{"self":[{"href":"https:\/\/lumberjacknjill.com\/fr\/wp-json\/wp\/v2\/pages\/402","targetHints":{"allow":["GET"]}}],"collection":[{"href":"https:\/\/lumberjacknjill.com\/fr\/wp-json\/wp\/v2\/pages"}],"about":[{"href":"https:\/\/lumberjacknjill.com\/fr\/wp-json\/wp\/v2\/types\/page"}],"author":[{"embeddable":true,"href":"https:\/\/lumberjacknjill.com\/fr\/wp-json\/wp\/v2\/users\/5"}],"replies":[{"embeddable":true,"href":"https:\/\/lumberjacknjill.com\/fr\/wp-json\/wp\/v2\/comments?post=402"}],"version-history":[{"count":10,"href":"https:\/\/lumberjacknjill.com\/fr\/wp-json\/wp\/v2\/pages\/402\/revisions"}],"predecessor-version":[{"id":1751,"href":"https:\/\/lumberjacknjill.com\/fr\/wp-json\/wp\/v2\/pages\/402\/revisions\/1751"}],"wp:attachment":[{"href":"https:\/\/lumberjacknjill.com\/fr\/wp-json\/wp\/v2\/media?parent=402"}],"curies":[{"name":"wp","href":"https:\/\/api.w.org\/{rel}","templated":true}]}}