{"id":2932,"date":"2026-04-03T00:10:04","date_gmt":"2026-04-03T04:10:04","guid":{"rendered":"https:\/\/lumberjacknjill.com\/?page_id=2932"},"modified":"2026-04-04T00:39:47","modified_gmt":"2026-04-04T04:39:47","slug":"yamaska-2026-hommes","status":"publish","type":"page","link":"https:\/\/lumberjacknjill.com\/fr\/yamaska-2026\/yamaska-2026-hommes\/","title":{"rendered":"Yamaska 2026 &#8211; Hommes"},"content":{"rendered":"<p class=\"has-text-align-center has-large-font-size\">Festival de la l\u00e9gende des bois de Yamaska 2026 &#8211; Hommes<\/p>\n\n\n\n<p class=\"has-text-align-center\">D\u00e9lais de rafra\u00eechissement de la page d&#8217;environ 5 \u00e0 10 minutes<\/p>\n\n\n\n<p><\/p>\n\n\n\n<div style=\"text-align: center;\"> <iframe loading=\"lazy\" width=\"1254\" height=\"650\" src=\"https:\/\/docs.google.com\/spreadsheets\/d\/e\/2PACX-1vTqYWMkjmMG2hpP2tC6rj_PI3xdDOPQ0am2YiEB77iV-YmQNoH6_pRubQX5YtY0NoY7EJlO7eA36pJ9\/pubhtml?gid=1701808391&amp;single=true&amp;widget=true&amp;headers=false\"><\/iframe> <\/div>\n\n\n\n<p><\/p>\n\n\n\n<div style=\"text-align: center;\">\n<iframe loading=\"lazy\" width=\"800\" height=\"650\" src=\"https:\/\/docs.google.com\/spreadsheets\/d\/e\/2PACX-1vTqYWMkjmMG2hpP2tC6rj_PI3xdDOPQ0am2YiEB77iV-YmQNoH6_pRubQX5YtY0NoY7EJlO7eA36pJ9\/pubhtml?gid=2042347204&amp;single=true&amp;widget=true&amp;headers=false\"><\/iframe><\/div>\n\n\n\n<p><\/p>\n\n\n\n<div style=\"text-align: center;\">\n<iframe loading=\"lazy\" width=\"800\" height=\"650\" src=\"https:\/\/docs.google.com\/spreadsheets\/d\/e\/2PACX-1vTqYWMkjmMG2hpP2tC6rj_PI3xdDOPQ0am2YiEB77iV-YmQNoH6_pRubQX5YtY0NoY7EJlO7eA36pJ9\/pubhtml?gid=867543053&amp;single=true&amp;widget=true&amp;headers=false\"><\/iframe><\/div>\n\n\n\n<p><\/p>\n\n\n\n<div style=\"text-align: center;\">\n<iframe loading=\"lazy\" width=\"919\" height=\"650\"  src=\"https:\/\/docs.google.com\/spreadsheets\/d\/e\/2PACX-1vR4y7Hnzk24v-iqp6Z8wcz5GIyR5R6JIc1pzNnVa1ZbtmJ7I9PQgsdoID__AcTE-Hk6z8QQHnrEIcVa\/pubhtml?gid=1846523532&amp;single=true&amp;widget=true&amp;headers=false\"><\/iframe><\/div>\n\n\n\n<p><\/p>\n\n\n\n<div style=\"text-align: center;\">\n<iframe loading=\"lazy\" width=\"800\" height=\"650\" src=\"https:\/\/docs.google.com\/spreadsheets\/d\/e\/2PACX-1vTqYWMkjmMG2hpP2tC6rj_PI3xdDOPQ0am2YiEB77iV-YmQNoH6_pRubQX5YtY0NoY7EJlO7eA36pJ9\/pubhtml?gid=228205635&amp;single=true&amp;widget=true&amp;headers=false\"><\/iframe><\/div>\n\n\n\n<p><\/p>\n\n\n\n<div style=\"text-align: center;\">\n<iframe loading=\"lazy\" width=\"800\" height=\"650\" src=\"https:\/\/docs.google.com\/spreadsheets\/d\/e\/2PACX-1vTqYWMkjmMG2hpP2tC6rj_PI3xdDOPQ0am2YiEB77iV-YmQNoH6_pRubQX5YtY0NoY7EJlO7eA36pJ9\/pubhtml?gid=72050141&amp;single=true&amp;widget=true&amp;headers=false\"><\/iframe><\/div>\n\n\n\n<p><\/p>\n\n\n\n<div style=\"text-align: center;\">\n<iframe loading=\"lazy\" width=\"800\" height=\"650\" src=\"https:\/\/docs.google.com\/spreadsheets\/d\/e\/2PACX-1vTqYWMkjmMG2hpP2tC6rj_PI3xdDOPQ0am2YiEB77iV-YmQNoH6_pRubQX5YtY0NoY7EJlO7eA36pJ9\/pubhtml?gid=1154989101&amp;single=true&amp;widget=true&amp;headers=false\"><\/iframe><\/div>\n\n\n\n<p><\/p>\n\n\n\n<div style=\"text-align: center;\">\n<iframe loading=\"lazy\" width=\"800\" height=\"650\" src=\"https:\/\/docs.google.com\/spreadsheets\/d\/e\/2PACX-1vTqYWMkjmMG2hpP2tC6rj_PI3xdDOPQ0am2YiEB77iV-YmQNoH6_pRubQX5YtY0NoY7EJlO7eA36pJ9\/pubhtml?gid=1020086752&amp;single=true&amp;widget=true&amp;headers=false\"><\/iframe><\/div>\n\n\n\n<p><\/p>\n\n\n\n<div style=\"text-align: center;\">\n<iframe loading=\"lazy\" width=\"890\" height=\"650\" src=\"https:\/\/docs.google.com\/spreadsheets\/d\/e\/2PACX-1vTqYWMkjmMG2hpP2tC6rj_PI3xdDOPQ0am2YiEB77iV-YmQNoH6_pRubQX5YtY0NoY7EJlO7eA36pJ9\/pubhtml?gid=1565023503&amp;single=true&amp;widget=true&amp;headers=false\"><\/iframe><\/div>\n\n\n\n<p><\/p>","protected":false},"excerpt":{"rendered":"<p>Festival de la l\u00e9gende des bois de Yamaska 2026 &#8211; Hommes D\u00e9lais de rafra\u00eechissement de la page d&#8217;environ 5 \u00e0 10 minutes<\/p>","protected":false},"author":5,"featured_media":0,"parent":2930,"menu_order":0,"comment_status":"closed","ping_status":"closed","template":"page-templates\/pagebuilder.php","meta":{"iawp_total_views":7,"footnotes":""},"class_list":["post-2932","page","type-page","status-publish","hentry"],"_links":{"self":[{"href":"https:\/\/lumberjacknjill.com\/fr\/wp-json\/wp\/v2\/pages\/2932","targetHints":{"allow":["GET"]}}],"collection":[{"href":"https:\/\/lumberjacknjill.com\/fr\/wp-json\/wp\/v2\/pages"}],"about":[{"href":"https:\/\/lumberjacknjill.com\/fr\/wp-json\/wp\/v2\/types\/page"}],"author":[{"embeddable":true,"href":"https:\/\/lumberjacknjill.com\/fr\/wp-json\/wp\/v2\/users\/5"}],"replies":[{"embeddable":true,"href":"https:\/\/lumberjacknjill.com\/fr\/wp-json\/wp\/v2\/comments?post=2932"}],"version-history":[{"count":10,"href":"https:\/\/lumberjacknjill.com\/fr\/wp-json\/wp\/v2\/pages\/2932\/revisions"}],"predecessor-version":[{"id":2984,"href":"https:\/\/lumberjacknjill.com\/fr\/wp-json\/wp\/v2\/pages\/2932\/revisions\/2984"}],"up":[{"embeddable":true,"href":"https:\/\/lumberjacknjill.com\/fr\/wp-json\/wp\/v2\/pages\/2930"}],"wp:attachment":[{"href":"https:\/\/lumberjacknjill.com\/fr\/wp-json\/wp\/v2\/media?parent=2932"}],"curies":[{"name":"wp","href":"https:\/\/api.w.org\/{rel}","templated":true}]}}