{"id":2930,"date":"2026-04-03T00:07:15","date_gmt":"2026-04-03T04:07:15","guid":{"rendered":"https:\/\/lumberjacknjill.com\/?page_id=2930"},"modified":"2026-04-24T23:46:54","modified_gmt":"2026-04-25T03:46:54","slug":"yamaska-2026","status":"publish","type":"page","link":"https:\/\/lumberjacknjill.com\/fr\/yamaska-2026\/","title":{"rendered":"Yamaska &#8211; Festival de la l\u00e9gende des bois de 2026"},"content":{"rendered":"<p class=\"has-large-font-size\"><strong>Festival de la l\u00e9gende des bois de Yamaska 2026<\/strong><\/p>\n\n\n\n<p class=\"has-medium-font-size\">R\u00e9sultats des qualification: Samedi 4 juillet 2026<br>R\u00e9sultats des finale: Dimanche 5 juillet 2026<\/p>\n\n\n\n<div class=\"wp-block-columns is-layout-flex wp-container-core-columns-is-layout-9d6595d7 wp-block-columns-is-layout-flex\">\n<div class=\"wp-block-column is-layout-flow wp-block-column-is-layout-flow\">\n<figure class=\"wp-block-image size-full is-resized\"><img loading=\"lazy\" decoding=\"async\" width=\"676\" height=\"676\" src=\"https:\/\/lumberjacknjill.com\/wp-content\/uploads\/Yamaska.jpg\" alt=\"\" class=\"wp-image-3116\" style=\"width:auto;height:200px\" srcset=\"https:\/\/lumberjacknjill.com\/wp-content\/uploads\/Yamaska.jpg 676w, https:\/\/lumberjacknjill.com\/wp-content\/uploads\/Yamaska-300x300.jpg 300w, https:\/\/lumberjacknjill.com\/wp-content\/uploads\/Yamaska-150x150.jpg 150w, https:\/\/lumberjacknjill.com\/wp-content\/uploads\/Yamaska-12x12.jpg 12w\" sizes=\"auto, (max-width: 676px) 100vw, 676px\" \/><\/figure>\n<\/div>\n\n\n\n<div class=\"wp-block-column is-layout-flow wp-block-column-is-layout-flow\">\n<p>Sponsor 2<\/p>\n<\/div>\n\n\n\n<div class=\"wp-block-column is-layout-flow wp-block-column-is-layout-flow\">\n<p>Sponsor 3<\/p>\n<\/div>\n<\/div>\n\n\n\n<ul class=\"wp-block-list\">\n<li class=\"has-medium-font-size\"><a href=\"https:\/\/lumberjacknjill.com\/fr\/yamaska-2026-femmes\/\" data-type=\"link\" data-id=\"https:\/\/lumberjacknjill.com\/fr\/yamaska-2026-femmes\/\"><strong>R\u00e9sultats de la qualification des femmes<\/strong><\/a>  &lt;&#8211; Cliquer ici\n<ul class=\"wp-block-list\">\n<li class=\"has-small-font-size\">Pointage global &#8211; Femme<\/li>\n\n\n\n<li class=\"has-small-font-size\">Sciotte &#8211; Femme<\/li>\n\n\n\n<li class=\"has-small-font-size\">Godendar en simple &#8211; Femme<\/li>\n\n\n\n<li class=\"has-small-font-size\">Jack &amp; Jill &#8211; \u00c9quipe<\/li>\n\n\n\n<li class=\"has-small-font-size\">Coupe horizontale &#8211; Femme<\/li>\n\n\n\n<li class=\"has-small-font-size\">Coupe verticale &#8211; Femme<\/li>\n<\/ul>\n<\/li>\n<\/ul>\n\n\n\n<ul class=\"wp-block-list\">\n<li class=\"has-medium-font-size\"><a href=\"https:\/\/lumberjacknjill.com\/fr\/yamaska-2026-hommes\/\" data-type=\"link\" data-id=\"https:\/\/lumberjacknjill.com\/fr\/yamaska-2026-hommes\/\"><strong>R\u00e9sultats de la qualification des hommes<\/strong><\/a>  &lt;&#8211; Cliquer ici\n<ul class=\"wp-block-list\">\n<li class=\"has-small-font-size\">Pointage global &#8211; Homme<\/li>\n\n\n\n<li class=\"has-small-font-size\">Sciotte &#8211; Homme<\/li>\n\n\n\n<li class=\"has-small-font-size\">Godendar en simple &#8211; Homme<\/li>\n\n\n\n<li class=\"has-small-font-size\">Jack &amp; Jill &#8211; \u00c9quipe<\/li>\n\n\n\n<li class=\"has-small-font-size\">Coupe horizontale &#8211; Homme<\/li>\n\n\n\n<li class=\"has-small-font-size\">Coupe verticale &#8211; Homme<\/li>\n\n\n\n<li class=\"has-small-font-size\">Hotsaw &#8211; Tous<\/li>\n\n\n\n<li class=\"has-small-font-size\">Lancer de la hache &#8211; Tous<\/li>\n<\/ul>\n<\/li>\n<\/ul>\n\n\n\n<p class=\"has-text-align-center\">R\u00e9sultats de la finale des femmes<\/p>\n\n\n\n<p class=\"has-text-align-center\">R\u00e9sultats de la finale des hommes<\/p>\n\n\n\n<p><\/p>","protected":false},"excerpt":{"rendered":"<p>Festival de la l\u00e9gende des bois de Yamaska 2026 R\u00e9sultats des qualification: Samedi 4 juillet 2026R\u00e9sultats des finale: Dimanche 5 juillet 2026 Sponsor 2 Sponsor 3 R\u00e9sultats de la finale [&hellip;]<\/p>\n","protected":false},"author":5,"featured_media":0,"parent":0,"menu_order":0,"comment_status":"closed","ping_status":"closed","template":"","meta":{"iawp_total_views":15,"footnotes":""},"class_list":["post-2930","page","type-page","status-publish","hentry"],"_links":{"self":[{"href":"https:\/\/lumberjacknjill.com\/fr\/wp-json\/wp\/v2\/pages\/2930","targetHints":{"allow":["GET"]}}],"collection":[{"href":"https:\/\/lumberjacknjill.com\/fr\/wp-json\/wp\/v2\/pages"}],"about":[{"href":"https:\/\/lumberjacknjill.com\/fr\/wp-json\/wp\/v2\/types\/page"}],"author":[{"embeddable":true,"href":"https:\/\/lumberjacknjill.com\/fr\/wp-json\/wp\/v2\/users\/5"}],"replies":[{"embeddable":true,"href":"https:\/\/lumberjacknjill.com\/fr\/wp-json\/wp\/v2\/comments?post=2930"}],"version-history":[{"count":10,"href":"https:\/\/lumberjacknjill.com\/fr\/wp-json\/wp\/v2\/pages\/2930\/revisions"}],"predecessor-version":[{"id":3119,"href":"https:\/\/lumberjacknjill.com\/fr\/wp-json\/wp\/v2\/pages\/2930\/revisions\/3119"}],"wp:attachment":[{"href":"https:\/\/lumberjacknjill.com\/fr\/wp-json\/wp\/v2\/media?parent=2930"}],"curies":[{"name":"wp","href":"https:\/\/api.w.org\/{rel}","templated":true}]}}