{"id":2289,"date":"2025-06-26T16:55:28","date_gmt":"2025-06-26T20:55:28","guid":{"rendered":"https:\/\/lumberjacknjill.com\/?page_id=2289"},"modified":"2026-02-14T10:31:44","modified_gmt":"2026-02-14T15:31:44","slug":"competition-importantes","status":"publish","type":"page","link":"https:\/\/lumberjacknjill.com\/fr\/competitions-evenements\/competition-importantes\/","title":{"rendered":"Comp\u00e9tition Importantes"},"content":{"rendered":"<p class=\"has-large-font-size\">Comp\u00e9tition Importantes<\/p>\n\n\n\n<p>Ces concours existent depuis plusieurs ann\u00e9es. Ils ont une organisation solide et une belle liste d&#8217;\u00e9preuves. G\u00e9n\u00e9ralement, elles ont lieu au m\u00eame emplacement chaque ann\u00e9e et attirent d&#8217;excellents comp\u00e9titeurs.<br><br><\/p>\n\n\n\n<ul class=\"wp-block-list\">\n<li class=\"has-medium-font-size\">Canadian Lumberjack Championships\n<ul class=\"wp-block-list\">\n<li class=\"has-small-font-size\"><a href=\"https:\/\/www.facebook.com\/profile.php?id=100093993960393&amp;mibextid=ZbWKwL\">Page Facebook<\/a>\n<ul class=\"wp-block-list\">\n<li><strong>Mactaquac, New Brunswick, Canada<\/strong><\/li>\n\n\n\n<li>Ao\u00fbt\/Septembre<\/li>\n\n\n\n<li>A commenc\u00e9 en 2022<\/li>\n<\/ul>\n<\/li>\n<\/ul>\n<\/li>\n\n\n\n<li class=\"has-medium-font-size\">Festival du B\u00fbcheux de St-Pamphile\n<ul class=\"wp-block-list\">\n<li class=\"has-small-font-size\"><a href=\"https:\/\/festivaldubucheux.ca\/\">https:\/\/festivaldubucheux.ca\/<\/a>\n<ul class=\"wp-block-list\">\n<li><strong>St-Pamphile, Qu\u00e9bec, Canada<\/strong><\/li>\n\n\n\n<li>G\u00e9n\u00e9ralement, le samedi de la derni\u00e8re fin de semaine compl\u00e8te d&#8217;ao\u00fbt<\/li>\n\n\n\n<li>A commenc\u00e9 en 1982<\/li>\n<\/ul>\n<\/li>\n<\/ul>\n<\/li>\n\n\n\n<li class=\"has-medium-font-size\">Fryeburg Fair\n<ul class=\"wp-block-list\">\n<li class=\"has-small-font-size\"><a href=\"https:\/\/www.fryeburgfair.org\/\">https:\/\/www.fryeburgfair.org\/<\/a>\n<ul class=\"wp-block-list\">\n<li><strong>Fryeburg, Maine, US<\/strong><\/li>\n\n\n\n<li>Fin September \u00e0 d\u00e9but Octobre<\/li>\n<\/ul>\n<\/li>\n<\/ul>\n<\/li>\n\n\n\n<li class=\"has-medium-font-size\">Lake Effect Lumberjack Classic\n<ul class=\"wp-block-list\">\n<li class=\"has-small-font-size\"><a href=\"https:\/\/lumberjacknjill.com\/fr\/lake-effect\/\">https:\/\/lumberjacknjill.com\/lake-effect\/<\/a>\n<ul class=\"wp-block-list\">\n<li>Hamburg Brewing Company, 6553 Boston State Rd, Hamburg, NY 14075, US<\/li>\n\n\n\n<li>Octobre<\/li>\n\n\n\n<li>A commenc\u00e9 en 2020<\/li>\n\n\n\n<li>Dirige le Championnat de sciage hommes et femmes dans du pin blanc de 16&#8221;<\/li>\n\n\n\n<li>Liens pour des vid\u00e9os YouTube sur leur page<\/li>\n<\/ul>\n<\/li>\n<\/ul>\n<\/li>\n\n\n\n<li class=\"has-medium-font-size\">Lumberjack World Championships\n<ul class=\"wp-block-list\">\n<li class=\"has-small-font-size\"><a href=\"https:\/\/lumberjackworldchampionships.com\/\">https:\/\/lumberjackworldchampionships.com\/<\/a>\n<ul class=\"wp-block-list\">\n<li><strong>Hayward, Wisconsin, US<\/strong><\/li>\n\n\n\n<li>Fin Juillet, d\u00e9but Ao\u00fbt<\/li>\n\n\n\n<li>A commenc\u00e9 en 1960<\/li>\n\n\n\n<li>Vid\u00e9os YouTube disponibles <a href=\"https:\/\/www.youtube.com\/watch?v=bbxqdvVKskQ&amp;list=PL1Iq5UHmVLghhdx17w0FOwbg8tiKLREWG&amp;index=1\">ici:<\/a><\/li>\n<\/ul>\n<\/li>\n<\/ul>\n<\/li>\n\n\n\n<li class=\"has-medium-font-size\">Northern Maine Agricultural Fair Association\n<ul class=\"wp-block-list\">\n<li class=\"has-small-font-size\"><a href=\"http:\/\/northernmainefairgrounds.com\/\">http:\/\/northernmainefairgrounds.com\/<\/a>\n<ul class=\"wp-block-list\">\n<li><strong>84 Mechanic Street, Presque Isle, Maine, US<\/strong><\/li>\n\n\n\n<li>G\u00e9n\u00e9ralement le 1er samedi d&#8217;Ao\u00fbt. Li\u00e9 \u00e0 l&#8217;expo.<\/li>\n\n\n\n<li>A commenc\u00e9 en 1996<\/li>\n<\/ul>\n<\/li>\n<\/ul>\n<\/li>\n\n\n\n<li class=\"has-medium-font-size\">NYS Woodsmen\u2019s Field days\n<ul class=\"wp-block-list\">\n<li class=\"has-small-font-size\"><a href=\"https:\/\/woodsmensfielddays.com\/\">https:\/\/woodsmensfielddays.com\/<\/a><\/li>\n\n\n\n<li class=\"has-small-font-size\"><a href=\"https:\/\/lumberjacknjill.com\/fr\/2025\/05\/20\/competition-boonville-ny-us\/\">Documents d\u2019enregistrement<\/a>\n<ul class=\"wp-block-list\">\n<li><strong>Boonville, New-York, US<\/strong><\/li>\n\n\n\n<li>Mi-Ao\u00fbt<\/li>\n\n\n\n<li>A commenc\u00e9 en 1948<\/li>\n<\/ul>\n<\/li>\n<\/ul>\n<\/li>\n\n\n\n<li class=\"has-medium-font-size\">Pennsylvania Lumberjack Championships\n<ul class=\"wp-block-list\">\n<li class=\"has-small-font-size\"><a href=\"https:\/\/www.facebook.com\/profile.php?id=100057277275776\">Page Facebook<\/a><\/li>\n\n\n\n<li class=\"has-small-font-size\"><a href=\"https:\/\/lumberjacknjill.com\/fr\/2025\/06\/03\/competition-pennsylvania-lumberjack-championships\/\">Documents d&#8217;enr\u00e9gistrements<\/a>\n<ul class=\"wp-block-list\">\n<li><strong>Schellsburg, Pennsylvania, US<\/strong><\/li>\n\n\n\n<li>Mi-Ao\u00fbt<\/li>\n\n\n\n<li>A commenc\u00e9 en 2016<\/li>\n<\/ul>\n<\/li>\n<\/ul>\n<\/li>\n\n\n\n<li class=\"has-medium-font-size\">Webster County Woodchopping Festival\n<ul class=\"wp-block-list\">\n<li class=\"has-small-font-size\"><a href=\"http:\/\/www.woodchoppingfestival.org\/\">http:\/\/www.woodchoppingfestival.org\/<\/a>\n<ul class=\"wp-block-list\">\n<li><strong>Webster Springs, West Virginia, US<\/strong><\/li>\n\n\n\n<li>Fin Mai<\/li>\n\n\n\n<li>A commenc\u00e9 en 1960<\/li>\n\n\n\n<li>Vid\u00e9os YouTube disponibles <a href=\"https:\/\/www.youtube.com\/watch?v=2AF-ugVC3xM&amp;list=PL1Iq5UHmVLggro08XBLhA0oap3rn-9jAB&amp;index=1\">ici:<\/a><\/li>\n<\/ul>\n<\/li>\n<\/ul>\n<\/li>\n<\/ul>","protected":false},"excerpt":{"rendered":"<p>Comp\u00e9tition Importantes Ces concours existent depuis plusieurs ann\u00e9es. Ils ont une organisation solide et une belle liste d&#8217;\u00e9preuves. G\u00e9n\u00e9ralement, elles ont lieu au m\u00eame emplacement chaque ann\u00e9e et attirent d&#8217;excellents [&hellip;]<\/p>\n","protected":false},"author":5,"featured_media":0,"parent":2022,"menu_order":0,"comment_status":"closed","ping_status":"closed","template":"","meta":{"iawp_total_views":17,"footnotes":""},"class_list":["post-2289","page","type-page","status-publish","hentry"],"_links":{"self":[{"href":"https:\/\/lumberjacknjill.com\/fr\/wp-json\/wp\/v2\/pages\/2289","targetHints":{"allow":["GET"]}}],"collection":[{"href":"https:\/\/lumberjacknjill.com\/fr\/wp-json\/wp\/v2\/pages"}],"about":[{"href":"https:\/\/lumberjacknjill.com\/fr\/wp-json\/wp\/v2\/types\/page"}],"author":[{"embeddable":true,"href":"https:\/\/lumberjacknjill.com\/fr\/wp-json\/wp\/v2\/users\/5"}],"replies":[{"embeddable":true,"href":"https:\/\/lumberjacknjill.com\/fr\/wp-json\/wp\/v2\/comments?post=2289"}],"version-history":[{"count":4,"href":"https:\/\/lumberjacknjill.com\/fr\/wp-json\/wp\/v2\/pages\/2289\/revisions"}],"predecessor-version":[{"id":2865,"href":"https:\/\/lumberjacknjill.com\/fr\/wp-json\/wp\/v2\/pages\/2289\/revisions\/2865"}],"up":[{"embeddable":true,"href":"https:\/\/lumberjacknjill.com\/fr\/wp-json\/wp\/v2\/pages\/2022"}],"wp:attachment":[{"href":"https:\/\/lumberjacknjill.com\/fr\/wp-json\/wp\/v2\/media?parent=2289"}],"curies":[{"name":"wp","href":"https:\/\/api.w.org\/{rel}","templated":true}]}}