{"id":2022,"date":"2025-05-01T00:11:38","date_gmt":"2025-05-01T04:11:38","guid":{"rendered":"https:\/\/lumberjacknjill.com\/?page_id=2022"},"modified":"2025-06-08T15:08:03","modified_gmt":"2025-06-08T19:08:03","slug":"competitions-evenements","status":"publish","type":"page","link":"https:\/\/lumberjacknjill.com\/fr\/competitions-evenements\/","title":{"rendered":"Comp\u00e9titions &amp; \u00c9v\u00e9nements"},"content":{"rendered":"<p class=\"has-large-font-size\">Comp\u00e9titions &amp; \u00c9v\u00e9nements<\/p>\n\n\n\n<p>Merci \u00e0 Nancy Zalewski qui a pris l&#8217;initiative de constituer la liste des comp\u00e9titions et \u00e9v\u00e9nements 2025 pour l&#8217;Am\u00e9rique du Nord. <br>Gr\u00e2ce \u00e0 elle, les comp\u00e9titeurs auront une meilleure visibilit\u00e9 sur les comp\u00e9titions qui se d\u00e9roulent autour d&#8217;eux.<\/p>\n\n\n\n<h1 class=\"wp-block-heading has-medium-font-size\"><strong>Liste des comp\u00e9titions<\/strong> <strong>(Pour t\u00e9l\u00e9phone)<\/strong><\/h1>\n\n\n\n<ul class=\"wp-block-list\">\n<li class=\"has-small-font-size\"><strong>Am\u00e9rique<\/strong> (Consultez les comp\u00e9titions du Canada et des \u00c9tats-Unis)\n<ul class=\"wp-block-list\">\n<li><strong>Canada<\/strong>\n<ul class=\"wp-block-list\">\n<li>Est du Canada<\/li>\n\n\n\n<li>Ouest du Canada<\/li>\n\n\n\n<li>CANLOG<\/li>\n\n\n\n<li>MLA<\/li>\n<\/ul>\n<\/li>\n\n\n\n<li><strong>\u00c9tats-Unis<\/strong>\n<ul class=\"wp-block-list\">\n<li>Centre Ouest<\/li>\n\n\n\n<li>Nord-Est<\/li>\n\n\n\n<li>Sud<\/li>\n\n\n\n<li>Ouest<\/li>\n\n\n\n<li>ALA<\/li>\n\n\n\n<li>NYSLA<\/li>\n\n\n\n<li>PPLO<\/li>\n<\/ul>\n<\/li>\n<\/ul>\n<\/li>\n<\/ul>\n\n\n\n<ul id=\"block-fde884e2-e9fd-4c7e-a040-c9d34c95930a\" class=\"wp-block-list\">\n<li class=\"has-small-font-size\"><strong><a href=\"https:\/\/www.uslogrolling.com\/tournaments\">US Log Rolling Association Tournaments<\/a><\/strong>\n<ul class=\"wp-block-list\">\n<li>Comp\u00e9tition de roulage de billot sur l&#8217;eau<br>Pointe vers un site Web externe. <br>Leurs concours ne sont pas dans le calendrier. Utilisez ce lien pour les voir.<\/li>\n<\/ul>\n<\/li>\n<\/ul>\n\n\n\n<h3 class=\"wp-block-heading has-medium-font-size\"><strong>Calendrier des comp\u00e9titions<\/strong> <strong>(Pour ordinateur)<\/strong><\/h3>\n\n\n\n<ul class=\"wp-block-list\">\n<li class=\"has-small-font-size\"><strong>Am\u00e9rique<\/strong> (Consultez les comp\u00e9titions du Canada et des \u00c9tats-Unis)\n<ul class=\"wp-block-list\">\n<li><strong>Canada<\/strong>\n<ul class=\"wp-block-list\">\n<li>Est du Canada<\/li>\n\n\n\n<li>Ouest du Canada<\/li>\n\n\n\n<li>CANLOG<\/li>\n\n\n\n<li>MLA<\/li>\n<\/ul>\n<\/li>\n\n\n\n<li><strong>\u00c9tats-Unis<\/strong>\n<ul class=\"wp-block-list\">\n<li>Centre Ouest<\/li>\n\n\n\n<li>Nord-Est<\/li>\n\n\n\n<li>Sud<\/li>\n\n\n\n<li>Ouest<\/li>\n\n\n\n<li>ALA<\/li>\n\n\n\n<li>NYSLA<\/li>\n\n\n\n<li>PPLO<\/li>\n<\/ul>\n<\/li>\n<\/ul>\n<\/li>\n<\/ul>\n\n\n\n<ul id=\"block-63345151-bb24-4154-b5b3-4961c619a2be\" class=\"wp-block-list\">\n<li class=\"has-small-font-size\"><strong><a href=\"https:\/\/www.uslogrolling.com\/tournaments\">US Log Rolling Association Tournaments<\/a><\/strong>\n<ul class=\"wp-block-list\">\n<li>Comp\u00e9tition de roulage de billot sur l&#8217;eau<br>Pointe vers un site Web externe.<br>Leurs concours ne sont pas dans le calendrier. Utilisez ce lien pour les voir.<\/li>\n<\/ul>\n<\/li>\n<\/ul>\n\n\n\n<figure class=\"wp-block-image size-full\"><img loading=\"lazy\" decoding=\"async\" width=\"1024\" height=\"801\" src=\"https:\/\/lumberjacknjill.com\/wp-content\/uploads\/Canada-1.png\" alt=\"\" class=\"wp-image-2023\" srcset=\"https:\/\/lumberjacknjill.com\/wp-content\/uploads\/Canada-1.png 1024w, https:\/\/lumberjacknjill.com\/wp-content\/uploads\/Canada-1-300x235.png 300w, https:\/\/lumberjacknjill.com\/wp-content\/uploads\/Canada-1-768x601.png 768w\" sizes=\"auto, (max-width: 1024px) 100vw, 1024px\" \/><\/figure>\n\n\n\n<figure class=\"wp-block-image size-full\"><img loading=\"lazy\" decoding=\"async\" width=\"1024\" height=\"802\" src=\"https:\/\/lumberjacknjill.com\/wp-content\/uploads\/U-S-1.png\" alt=\"\" class=\"wp-image-2024\" srcset=\"https:\/\/lumberjacknjill.com\/wp-content\/uploads\/U-S-1.png 1024w, https:\/\/lumberjacknjill.com\/wp-content\/uploads\/U-S-1-300x235.png 300w, https:\/\/lumberjacknjill.com\/wp-content\/uploads\/U-S-1-768x602.png 768w\" sizes=\"auto, (max-width: 1024px) 100vw, 1024px\" \/><\/figure>\n\n\n\n<h3 class=\"wp-block-heading has-large-font-size\"><strong>Organisations et Groupes<\/strong><\/h3>\n\n\n\n<p class=\"has-medium-font-size\">Liste des organisations et groupes qui g\u00e8rent ou r\u00e9pertorient les comp\u00e9titions et \u00e9v\u00e9nements. Certaines de ces organisations n\u00e9cessitent une adh\u00e9sion pour pouvoir participer.\u200b<\/p>\n\n\n\n<p class=\"has-small-font-size\"><a href=\"https:\/\/lumberjacknjill.com\/fr\/competitions\/\">Lien vers la page des organisations\/groupes<\/a><\/p>\n\n\n\n<h3 class=\"wp-block-heading has-large-font-size\"><strong>Comp\u00e9titions R\u00e9currentes<\/strong><\/h3>\n\n\n\n<p class=\"has-medium-font-size\">Liste des \u00e9v\u00e9nements ayant une certaine long\u00e9vit\u00e9. Ces comp\u00e9titions ont lieu ann\u00e9e apr\u00e8s ann\u00e9e, souvent \u00e0 la m\u00eame p\u00e9riode et sont g\u00e9n\u00e9ralement bien organis\u00e9es.<br>Vous devriez consulter leur site web pour plus d&#8217;informations., car il m&#8217;est impossible de participer \u00e0 tous les concours.<\/p>\n\n\n\n<p class=\"has-small-font-size\"> <a href=\"https:\/\/lumberjacknjill.com\/fr\/competitions\/\">Lien vers la page des comp\u00e9titions R\u00e9currentes<\/a><\/p>","protected":false},"excerpt":{"rendered":"<p>Comp\u00e9titions &amp; \u00c9v\u00e9nements Merci \u00e0 Nancy Zalewski qui a pris l&#8217;initiative de constituer la liste des comp\u00e9titions et \u00e9v\u00e9nements 2025 pour l&#8217;Am\u00e9rique du Nord. Gr\u00e2ce \u00e0 elle, les comp\u00e9titeurs auront [&hellip;]<\/p>\n","protected":false},"author":5,"featured_media":0,"parent":0,"menu_order":0,"comment_status":"closed","ping_status":"closed","template":"","meta":{"iawp_total_views":553,"footnotes":""},"class_list":["post-2022","page","type-page","status-publish","hentry"],"_links":{"self":[{"href":"https:\/\/lumberjacknjill.com\/fr\/wp-json\/wp\/v2\/pages\/2022","targetHints":{"allow":["GET"]}}],"collection":[{"href":"https:\/\/lumberjacknjill.com\/fr\/wp-json\/wp\/v2\/pages"}],"about":[{"href":"https:\/\/lumberjacknjill.com\/fr\/wp-json\/wp\/v2\/types\/page"}],"author":[{"embeddable":true,"href":"https:\/\/lumberjacknjill.com\/fr\/wp-json\/wp\/v2\/users\/5"}],"replies":[{"embeddable":true,"href":"https:\/\/lumberjacknjill.com\/fr\/wp-json\/wp\/v2\/comments?post=2022"}],"version-history":[{"count":7,"href":"https:\/\/lumberjacknjill.com\/fr\/wp-json\/wp\/v2\/pages\/2022\/revisions"}],"predecessor-version":[{"id":2265,"href":"https:\/\/lumberjacknjill.com\/fr\/wp-json\/wp\/v2\/pages\/2022\/revisions\/2265"}],"wp:attachment":[{"href":"https:\/\/lumberjacknjill.com\/fr\/wp-json\/wp\/v2\/media?parent=2022"}],"curies":[{"name":"wp","href":"https:\/\/api.w.org\/{rel}","templated":true}]}}